{"id":178,"date":"2011-03-29T20:07:16","date_gmt":"2011-03-29T20:07:16","guid":{"rendered":"https:\/\/mister-jay.huthies.de\/mister-jay\/?page_id=178"},"modified":"2023-10-20T09:41:11","modified_gmt":"2023-10-20T07:41:11","slug":"info","status":"publish","type":"page","link":"https:\/\/mister-jay.de\/","title":{"rendered":"Info"},"content":{"rendered":"<p><img loading=\"lazy\" decoding=\"async\" class=\"wp-image-1999  alignleft\" src=\"https:\/\/mister-jay.de\/wp-content\/uploads\/1484590_593025414134791_8655907097735183154_n-e1694114691318.jpg\" alt=\"\" width=\"136\" height=\"199\" srcset=\"https:\/\/mister-jay.de\/wp-content\/uploads\/1484590_593025414134791_8655907097735183154_n-e1694114691318.jpg 288w, https:\/\/mister-jay.de\/wp-content\/uploads\/1484590_593025414134791_8655907097735183154_n-e1694114691318-205x300.jpg 205w\" sizes=\"auto, (max-width: 136px) 100vw, 136px\" \/>Mister Jay &#8211; mehr als 20 Jahre Erfahrung als Club-DJ und auf Firmen- \/ Privatveranstaltung sowie Hochzeiten und Geburtstagen. Licht- und Tontechnik sowie DJ-ing aus einer Hand!<\/p>\n<p>Mister Jay\u2019s musikalischer Werdegang wurde durch die unterschiedlichsten Einfl\u00fcsse gepr\u00e4gt. Ausgehend vom deutschen und amerikanischen HipHop der 90er Jahre begann eine Entwicklung, die bis heute kein Ende genommen hat.<\/p>\n<p><img loading=\"lazy\" decoding=\"async\" class=\"wp-image-881 alignright\" src=\"https:\/\/mister-jay.de\/wp-content\/uploads\/info_02.jpg\" alt=\"\" width=\"136\" height=\"189\" \/>&#8222;Man muss im Leben immer wieder neue Herausforderungen annehmen und f\u00fcr Ver\u00e4nderungen bereit sein&#8220; frei nach diesem Motto hat sich Mister Jay\u2019s musikalisches Spektrum \u00fcber die Pop-Klassiker der 70er, 80er, 90er, 00er, 10er, 20er Jahre und von heute bis hin zum allgegenw\u00e4rtigen Club-House-Sound erweitert und findet in einer Vorliebe f\u00fcr minimalen, tech-housigen, teilweise deepen Stil seinen derzeitigen Schwerpunkt.<\/p>\n<p>Wahrscheinlich sind es die breiten musikalischen Einfl\u00fcsse, gepaart mit einer hohen Flexibilit\u00e4t der Musikauswahl, die es ihm immer wieder erm\u00f6glichen, die Leute mit seinem &#8222;deep touch of rhythm &amp; beatz&#8220; zu begeistern.<\/p>\n<p><img loading=\"lazy\" decoding=\"async\" class=\"size-full wp-image-880 alignleft\" src=\"https:\/\/mister-jay.de\/wp-content\/uploads\/info_01.jpg\" alt=\"\" width=\"160\" height=\"181\" \/>Mister Jay hat neben der Erfahrung als Club-DJ auch zahlreichen Privatveranstaltungen (Hochzeiten, Geburtstage) sowie Firmenevents und verschiedene Lounges\/Bars mit seiner Musik begeistert. Ob klassische Tanzveranstaltung, Volksfeste, B\u00e4lle oder Feste sowie Club- und Discoevents \u2013 Mister Jay hat immer die passende Musik parat.<\/p>\n","protected":false},"excerpt":{"rendered":"<p>Mister Jay &#8211; mehr als 20 Jahre Erfahrung als Club-DJ und auf Firmen- \/ Privatveranstaltung sowie Hochzeiten und Geburtstagen. Licht- und Tontechnik sowie DJ-ing aus einer Hand! Mister Jay\u2019s musikalischer Werdegang wurde durch die unterschiedlichsten Einfl\u00fcsse gepr\u00e4gt. Ausgehend vom deutschen und amerikanischen HipHop der 90er Jahre begann eine Entwicklung, die bis heute kein Ende genommen [&hellip;]<\/p>\n","protected":false},"author":1,"featured_media":0,"parent":0,"menu_order":1,"comment_status":"closed","ping_status":"closed","template":"","meta":{"footnotes":""},"class_list":["post-178","page","type-page","status-publish","hentry"],"_links":{"self":[{"href":"https:\/\/mister-jay.de\/index.php?rest_route=\/wp\/v2\/pages\/178","targetHints":{"allow":["GET"]}}],"collection":[{"href":"https:\/\/mister-jay.de\/index.php?rest_route=\/wp\/v2\/pages"}],"about":[{"href":"https:\/\/mister-jay.de\/index.php?rest_route=\/wp\/v2\/types\/page"}],"author":[{"embeddable":true,"href":"https:\/\/mister-jay.de\/index.php?rest_route=\/wp\/v2\/users\/1"}],"replies":[{"embeddable":true,"href":"https:\/\/mister-jay.de\/index.php?rest_route=%2Fwp%2Fv2%2Fcomments&post=178"}],"version-history":[{"count":17,"href":"https:\/\/mister-jay.de\/index.php?rest_route=\/wp\/v2\/pages\/178\/revisions"}],"predecessor-version":[{"id":2448,"href":"https:\/\/mister-jay.de\/index.php?rest_route=\/wp\/v2\/pages\/178\/revisions\/2448"}],"wp:attachment":[{"href":"https:\/\/mister-jay.de\/index.php?rest_route=%2Fwp%2Fv2%2Fmedia&parent=178"}],"curies":[{"name":"wp","href":"https:\/\/api.w.org\/{rel}","templated":true}]}}